{"id":35,"date":"2025-02-03T18:35:34","date_gmt":"2025-02-03T18:35:34","guid":{"rendered":"https:\/\/www.historia.jail.fi\/?page_id=35"},"modified":"2025-02-03T18:59:18","modified_gmt":"2025-02-03T18:59:18","slug":"etusivu","status":"publish","type":"page","link":"https:\/\/www.historia.jail.fi\/","title":{"rendered":"Etusivu"},"content":{"rendered":"\n<p>T\u00e4lle sivustolle ker\u00e4t\u00e4\u00e4n aineistoa partiolippukunta Janakkalan Ilvesten historiasta.<\/p>\n\n\n\n<p><\/p>\n","protected":false},"excerpt":{"rendered":"<p>T\u00e4lle sivustolle ker\u00e4t\u00e4\u00e4n aineistoa partiolippukunta Janakkalan Ilvesten historiasta.<\/p>\n","protected":false},"author":1,"featured_media":0,"parent":0,"menu_order":0,"comment_status":"closed","ping_status":"closed","template":"","meta":{"footnotes":""},"class_list":["post-35","page","type-page","status-publish","hentry"],"_links":{"self":[{"href":"https:\/\/www.historia.jail.fi\/index.php?rest_route=\/wp\/v2\/pages\/35","targetHints":{"allow":["GET"]}}],"collection":[{"href":"https:\/\/www.historia.jail.fi\/index.php?rest_route=\/wp\/v2\/pages"}],"about":[{"href":"https:\/\/www.historia.jail.fi\/index.php?rest_route=\/wp\/v2\/types\/page"}],"author":[{"embeddable":true,"href":"https:\/\/www.historia.jail.fi\/index.php?rest_route=\/wp\/v2\/users\/1"}],"replies":[{"embeddable":true,"href":"https:\/\/www.historia.jail.fi\/index.php?rest_route=%2Fwp%2Fv2%2Fcomments&post=35"}],"version-history":[{"count":3,"href":"https:\/\/www.historia.jail.fi\/index.php?rest_route=\/wp\/v2\/pages\/35\/revisions"}],"predecessor-version":[{"id":50,"href":"https:\/\/www.historia.jail.fi\/index.php?rest_route=\/wp\/v2\/pages\/35\/revisions\/50"}],"wp:attachment":[{"href":"https:\/\/www.historia.jail.fi\/index.php?rest_route=%2Fwp%2Fv2%2Fmedia&parent=35"}],"curies":[{"name":"wp","href":"https:\/\/api.w.org\/{rel}","templated":true}]}}